{"id":2,"date":"2016-01-11T03:08:09","date_gmt":"2016-01-11T03:08:09","guid":{"rendered":"http:\/\/104.236.219.46\/?page_id=2"},"modified":"2017-11-07T01:32:50","modified_gmt":"2017-11-07T01:32:50","slug":"our-experience","status":"publish","type":"page","link":"https:\/\/www.wearemoscu.com\/index.php\/our-experience\/","title":{"rendered":"Our Experience"},"content":{"rendered":"<div class=\"entry\" data-id=\"8481455\">\n<p class=\"project_content\" data-ce-host=\"true\" data-ce-model-id=\"8481455\"><span style=\"color: #000000;\"><b>NATALIA GIOIOSA<\/b><\/span><br \/>\n<strong><span style=\"color: #000000;\">FOUNDER &amp; CREATIVE DIRECTOR<\/span><\/strong><\/p>\n<p><strong><br \/>\n<span style=\"color: #000000;\">EXPERIENCE<\/span><\/strong><br \/>\nADVERTISING. BRANDING. ART DIRECTION. GRAPHIC AND WEB DESIGN. PACKAGING DESIGN.<\/p>\n<p>Art Director at J. Walter Thompson<br \/>\nArt Director at Del Campo Nazca Saatchi &amp; Saatchi<br \/>\nPackaging Designer\u00a0at Tridimage<br \/>\nPackaging Designer at M&amp;R<br \/>\nWeb\u00a0Designer at Ferengi Synaptic Links<\/p>\n<p><b><br \/>\n<\/b><span style=\"color: #000000;\"><strong>AWARDS<\/strong><\/span><b><br \/>\n<\/b>Pentawards 2016,\u00a0Bronze<br \/>\nVertex Awards &amp; Vertex Publishers Choice 2016, Gold<br \/>\nNew York Festival 2008, Silver<br \/>\nEagle Awards 2007, Silver<br \/>\nC\u00edrculo de Creativos 2007, Bronze<br \/>\nNo Sexist Advertising 2003, Bronze<br \/>\nMate.ar 2007,\u00a0Gold<\/p>\n<p>&nbsp;<\/p>\n<p><strong><span style=\"color: #000000;\"><br \/>\nFRANCISCO FERRO<\/span><\/strong><br \/>\n<strong><span style=\"color: #000000;\">CREATIVE DIRECTOR<\/span><\/strong><\/p>\n<p><span style=\"color: #000000;\"><strong><br \/>\nEXPERIENCE:<\/strong><br \/>\n<\/span>COMMUNICATION. ADVERTISING. SOCIAL MEDIA.<\/p>\n<div class=\"project_content\" data-ce-host=\"true\" data-ce-model-id=\"8482576\">\n<div class=\"project_content\" data-ce-host=\"true\" data-ce-model-id=\"8482576\">2016<br \/>\nGeneral Creative Director at Sarape Social for Techo, Gobierno del estado de Jalisco, Consejo de la Comunicaci\u00f3n de las Empresas mexicanas, Unilever, Gobierno Municipal de Zapopan, Rotoplas<br \/>\n2015<br \/>\nGeneral Creative Director at Arrechedera Claverol for Volkswagen, Izzi, Tequila, Axa,<br \/>\n2013-2015<br \/>\nCreative Director at JWT M\u00e9xico for Ciel by The Coca-Cola Company, Johnson &amp; Johnson, Sigma Alimentos, Cruz Roja<br \/>\n2011-2013<br \/>\nCreative Director at Young &amp; Rubicam M\u00e9xico for Danone M\u00e9xico, Aguas Danone M\u00e9xico, Sigma Alimentos, Save The Children, WOBI<br \/>\n2005- 2011<br \/>\nSenior Copywriter at Young &amp; Rubicam Argentina para Movistar, Visa, Bayer, Converse, Acnur,<br \/>\n2005-2010<br \/>\nTeacher at Underground Buenos Aires<br \/>\n2003-2005<br \/>\nJunior Copywriter at La Comunidad Buenos Aires para Volkswagen, Subway, Rolling Stone Magazine,<br \/>\n2001-2003<br \/>\nJunior Copywriter at J. Walter Thompson Argentina for Nestle, Ford, Shell, Unilever<strong><br \/>\nCREATIVITY CONFERENCE<br \/>\n<\/strong>Universidad de San Luis de Potos\u00ed &#8211; 2015 \u201cThe\u00a0Insight Power\u201d<\/p>\n<p><strong><span style=\"color: #000000;\"><br \/>\nAWARDS <\/span><\/strong><br \/>\nCannes Lions 2012 Gold, Cannes Lions 2012 Silver, Clio 2013 Silver, Clio 2013 Bronze, ANDY Awards 2013 Silver, London International Awards 2012 Silver, New York Festivals 2013 Gold, New York Festivals 2013 Print Silver, 4 Merit One Show 2013, Wave 2012 Gold, Sol 2012 Plata, Grand Prix Ojo de Iberoam\u00e9rica 2012, Mejor Gr\u00e1fica Pa\u00eds M\u00e9xico Ojo de Iberoam\u00e9rica 2012, FIAP 2012 Bronce, FIAP 2012 Bronce, 9 Oros en el C\u00edrculo de Oro 2012, C\u00edrculo de Oro M\u00e9xico 2011 Grand Prix, Ojo de Iberoam\u00e9rica 2011 Oro, Clio Awards 2010 Bronze, El Sol 2010 Oro, Wave 2010 Silver, Fiap 2010 Gr\u00e1fica Bronce, Fiap 2010 V\u00eda P\u00fablica Bronce, New York Festival 2010 Finalis, Cannes Lions 2004 Bronze, Clio Awards 2004 Silver, One Show 2004 Merit, Fiap 2004 Oro, El Sol 2004 Plata, Ojo de Iberoam\u00e9rica 2004 Bronce, C\u00edrculo de Creativos Argentinos 2003 Plata.<\/p>\n<div class=\"project_content\" data-ce-host=\"true\" data-ce-model-id=\"8482576\"><\/div>\n<\/div>\n<\/div>\n<\/div>\n","protected":false},"excerpt":{"rendered":"<p>NATALIA GIOIOSA FOUNDER &amp; CREATIVE DIRECTOR EXPERIENCE ADVERTISING. BRANDING. ART DIRECTION. GRAPHIC AND WEB DESIGN. PACKAGING DESIGN. Art Director at J. Walter Thompson Art Director at Del Campo Nazca Saatchi &amp; Saatchi Packaging Designer\u00a0at Tridimage Packaging Designer at M&amp;R Web\u00a0Designer at Ferengi Synaptic Links AWARDS&#8230;<\/p>\n","protected":false},"author":1,"featured_media":0,"parent":0,"menu_order":0,"comment_status":"closed","ping_status":"closed","template":"","meta":[],"_links":{"self":[{"href":"https:\/\/www.wearemoscu.com\/index.php\/wp-json\/wp\/v2\/pages\/2"}],"collection":[{"href":"https:\/\/www.wearemoscu.com\/index.php\/wp-json\/wp\/v2\/pages"}],"about":[{"href":"https:\/\/www.wearemoscu.com\/index.php\/wp-json\/wp\/v2\/types\/page"}],"author":[{"embeddable":true,"href":"https:\/\/www.wearemoscu.com\/index.php\/wp-json\/wp\/v2\/users\/1"}],"replies":[{"embeddable":true,"href":"https:\/\/www.wearemoscu.com\/index.php\/wp-json\/wp\/v2\/comments?post=2"}],"version-history":[{"count":42,"href":"https:\/\/www.wearemoscu.com\/index.php\/wp-json\/wp\/v2\/pages\/2\/revisions"}],"predecessor-version":[{"id":15388,"href":"https:\/\/www.wearemoscu.com\/index.php\/wp-json\/wp\/v2\/pages\/2\/revisions\/15388"}],"wp:attachment":[{"href":"https:\/\/www.wearemoscu.com\/index.php\/wp-json\/wp\/v2\/media?parent=2"}],"curies":[{"name":"wp","href":"https:\/\/api.w.org\/{rel}","templated":true}]}}